{"id":9,"date":"2023-04-25T13:42:45","date_gmt":"2023-04-25T16:42:45","guid":{"rendered":"https:\/\/viladopoetasiriu.com.br\/?page_id=9"},"modified":"2023-06-20T16:12:33","modified_gmt":"2023-06-20T19:12:33","slug":"home","status":"publish","type":"page","link":"https:\/\/viladopoetasiriu.com.br\/","title":{"rendered":""},"content":{"rendered":"\t\t<div data-elementor-type=\"wp-page\" data-elementor-id=\"9\" class=\"elementor elementor-9\">\n\t\t\t\t\t\t<section class=\"elementor-section elementor-top-section elementor-element elementor-element-2cba431 elementor-section-boxed elementor-section-height-default elementor-section-height-default\" data-id=\"2cba431\" data-element_type=\"section\" data-e-type=\"section\">\n\t\t\t\t\t\t<div class=\"elementor-container elementor-column-gap-default\">\n\t\t\t\t\t<div class=\"elementor-column elementor-col-100 elementor-top-column elementor-element elementor-element-8d90a90\" data-id=\"8d90a90\" data-element_type=\"column\" data-e-type=\"column\">\n\t\t\t<div class=\"elementor-widget-wrap elementor-element-populated\">\n\t\t\t\t\t\t<div class=\"elementor-element elementor-element-e0769e6 elementor-widget__width-initial e-transform elementor-invisible elementor-widget elementor-widget-heading\" data-id=\"e0769e6\" data-element_type=\"widget\" data-e-type=\"widget\" data-settings=\"{&quot;_animation&quot;:&quot;pulse&quot;,&quot;_transform_translateX_effect&quot;:{&quot;unit&quot;:&quot;px&quot;,&quot;size&quot;:0,&quot;sizes&quot;:[]},&quot;_transform_translateY_effect&quot;:{&quot;unit&quot;:&quot;px&quot;,&quot;size&quot;:0,&quot;sizes&quot;:[]},&quot;_transform_translateX_effect_tablet&quot;:{&quot;unit&quot;:&quot;px&quot;,&quot;size&quot;:&quot;&quot;,&quot;sizes&quot;:[]},&quot;_transform_translateX_effect_mobile&quot;:{&quot;unit&quot;:&quot;px&quot;,&quot;size&quot;:&quot;&quot;,&quot;sizes&quot;:[]},&quot;_transform_translateY_effect_tablet&quot;:{&quot;unit&quot;:&quot;px&quot;,&quot;size&quot;:&quot;&quot;,&quot;sizes&quot;:[]},&quot;_transform_translateY_effect_mobile&quot;:{&quot;unit&quot;:&quot;px&quot;,&quot;size&quot;:&quot;&quot;,&quot;sizes&quot;:[]}}\" data-widget_type=\"heading.default\">\n\t\t\t\t<div class=\"elementor-widget-container\">\n\t\t\t\t\t<h2 class=\"elementor-heading-title elementor-size-large\">Fique por dentro de todos os detalhes do lan\u00e7amento da Vila do Poeta! Registre seu nome e endere\u00e7o de e-mail agora mesmo e receba em primeira m\u00e3o o material assim que o projeto for oficialmente lan\u00e7ado. N\u00e3o perca a chance de ser o primeiro a saber!<\/h2>\t\t\t\t<\/div>\n\t\t\t\t<\/div>\n\t\t\t\t\t<\/div>\n\t\t<\/div>\n\t\t\t\t\t<\/div>\n\t\t<\/section>\n\t\t\t\t<section class=\"elementor-section elementor-top-section elementor-element elementor-element-b4e0152 elementor-section-boxed elementor-section-height-default elementor-section-height-default\" data-id=\"b4e0152\" data-element_type=\"section\" data-e-type=\"section\">\n\t\t\t\t\t\t<div class=\"elementor-container elementor-column-gap-default\">\n\t\t\t\t\t<div class=\"elementor-column elementor-col-100 elementor-top-column elementor-element elementor-element-96aa9b4\" data-id=\"96aa9b4\" data-element_type=\"column\" data-e-type=\"column\">\n\t\t\t<div class=\"elementor-widget-wrap elementor-element-populated\">\n\t\t\t\t\t\t<div class=\"elementor-element elementor-element-a859d29 animated-slow elementor-invisible elementor-widget elementor-widget-video\" data-id=\"a859d29\" data-element_type=\"widget\" data-e-type=\"widget\" data-settings=\"{&quot;youtube_url&quot;:&quot;https:\\\/\\\/www.youtube.com\\\/watch?v=0E2cRJ9iPZI&quot;,&quot;autoplay&quot;:&quot;yes&quot;,&quot;play_on_mobile&quot;:&quot;yes&quot;,&quot;mute&quot;:&quot;yes&quot;,&quot;loop&quot;:&quot;yes&quot;,&quot;lazy_load&quot;:&quot;yes&quot;,&quot;_animation&quot;:&quot;zoomIn&quot;,&quot;video_type&quot;:&quot;youtube&quot;,&quot;controls&quot;:&quot;yes&quot;}\" data-widget_type=\"video.default\">\n\t\t\t\t<div class=\"elementor-widget-container\">\n\t\t\t\t\t\t\t<div class=\"elementor-wrapper elementor-open-inline\">\n\t\t\t<div class=\"elementor-video\"><\/div>\t\t<\/div>\n\t\t\t\t\t\t<\/div>\n\t\t\t\t<\/div>\n\t\t\t\t\t<\/div>\n\t\t<\/div>\n\t\t\t\t\t<\/div>\n\t\t<\/section>\n\t\t\t\t<section class=\"elementor-section elementor-top-section elementor-element elementor-element-7cab8ae elementor-section-boxed elementor-section-height-default elementor-section-height-default\" data-id=\"7cab8ae\" data-element_type=\"section\" data-e-type=\"section\">\n\t\t\t\t\t\t<div class=\"elementor-container elementor-column-gap-default\">\n\t\t\t\t\t<div class=\"elementor-column elementor-col-100 elementor-top-column elementor-element elementor-element-0ac244c\" data-id=\"0ac244c\" data-element_type=\"column\" data-e-type=\"column\">\n\t\t\t<div class=\"elementor-widget-wrap elementor-element-populated\">\n\t\t\t\t\t\t<div class=\"elementor-element elementor-element-a7edac8 elementor-widget elementor-widget-heading\" data-id=\"a7edac8\" data-element_type=\"widget\" data-e-type=\"widget\" data-widget_type=\"heading.default\">\n\t\t\t\t<div class=\"elementor-widget-container\">\n\t\t\t\t\t<h2 class=\"elementor-heading-title elementor-size-small\"><span id=\"docs-internal-guid-34381c60-7fff-5d24-d381-4f3509e20119\"><p dir=\"ltr\" style=\"font-weight: normal;line-height: 1.38;text-align: justify;margin-top: 0pt;margin-bottom: 0pt\"><span style=\"font-size: 12pt;background-color: transparent;vertical-align: baseline\">Bem-vindo(a) \u00e0 Vila do Poeta, um condom\u00ednio exclusivo localizado na paradis\u00edaca praia do Siri\u00fa, em Garopaba, Santa Catarina. A regi\u00e3o \u00e9 conhecida por suas paisagens deslumbrantes, praias de \u00e1guas cristalinas e natureza exuberante.<\/span><\/p><br><p dir=\"ltr\" style=\"font-weight: normal;line-height: 1.38;text-align: justify;margin-top: 0pt;margin-bottom: 0pt\"><span style=\"font-size: 12pt;background-color: transparent;vertical-align: baseline\">Garopaba \u00e9 um munic\u00edpio tur\u00edstico que atrai visitantes do Brasil e do mundo inteiro. Al\u00e9m de suas belas praias, Garopaba oferece uma variedade de atividades ao ar livre, como trilhas, passeios de bicicleta, surfe e pesca. A regi\u00e3o tamb\u00e9m \u00e9 conhecida por sua rica cultura a\u00e7oriana, que se reflete em sua gastronomia, arquitetura e festividades.<\/span><\/p><br><p dir=\"ltr\" style=\"font-weight: normal;line-height: 1.38;text-align: justify;margin-top: 0pt;margin-bottom: 0pt\"><span style=\"font-size: 12pt;background-color: transparent;vertical-align: baseline\">A praia do Siri\u00fa, onde est\u00e1 localizada a Vila do Poeta, \u00e9 um dos tesouros mais bem guardados de Garopaba. Com uma extens\u00e3o de cerca de 4 km, a praia \u00e9 cercada por dunas e mata atl\u00e2ntica preservada, proporcionando uma experi\u00eancia \u00fanica em contato com a natureza. A praia \u00e9 conhecida por suas ondas fortes, atraindo surfistas do mundo inteiro.<\/span><\/p><br><p dir=\"ltr\" style=\"font-weight: normal;line-height: 1.38;text-align: justify;margin-top: 0pt;margin-bottom: 0pt\"><span style=\"font-size: 12pt;background-color: transparent;vertical-align: baseline\">Al\u00e9m da praia do Siri\u00fa, Garopaba oferece uma s\u00e9rie de outras op\u00e7\u00f5es de praias, cada uma com sua pr\u00f3pria personalidade. Entre elas, destacam-se a praia da Ferrugem, a praia do Rosa e a praia da Gamboa.<\/span><\/p><br><p dir=\"ltr\" style=\"font-weight: normal;line-height: 1.38;text-align: justify;margin-top: 0pt;margin-bottom: 0pt\"><span style=\"font-size: 12pt;background-color: transparent;vertical-align: baseline\">A Vila do Poeta est\u00e1 localizada a apenas 10 minutos do centro de Garopaba, onde voc\u00ea encontrar\u00e1 uma variedade de restaurantes, lojas e servi\u00e7os para atender a todas as suas necessidades. Venha conhecer a Vila do Poeta e descubra tudo o que Garopaba tem a oferecer!<\/span><\/p><br><p dir=\"ltr\" style=\"line-height: 1.38;text-align: justify;margin-top: 0pt;margin-bottom: 0pt\"><span style=\"font-size: 12pt;background-color: transparent;vertical-align: baseline\"><b>Atrativos:<\/b><\/span><\/p><br><p dir=\"ltr\" style=\"font-weight: normal;line-height: 1.38;text-align: justify;margin-top: 0pt;margin-bottom: 0pt\"><span style=\"font-size: 12pt;background-color: transparent;vertical-align: baseline\">Rio Poeta - \u00e9 um dos principais atrativos da regi\u00e3o onde se localiza o empreendimento Vila do Poeta. Ele tem cerca de 7 km de extens\u00e3o e des\u00e1gua no mar na Praia da Gamboa, que fica pr\u00f3xima \u00e0 Praia do Siri\u00fa.<\/span><\/p><br><p dir=\"ltr\" style=\"font-weight: normal;line-height: 1.38;text-align: justify;margin-top: 0pt;margin-bottom: 0pt\"><span style=\"font-size: 12pt;background-color: transparent;vertical-align: baseline\">O Rio Poeta \u00e9 conhecido pela sua beleza natural e tranquilidade, e \u00e9 um \u00f3timo lugar para quem gosta de praticar atividades aqu\u00e1ticas, como canoagem, stand-up paddle e nata\u00e7\u00e3o. Al\u00e9m disso, ao longo das suas margens \u00e9 poss\u00edvel encontrar \u00e1reas de preserva\u00e7\u00e3o ambiental, com uma grande variedade de fauna e flora nativas.<\/span><\/p><br><p dir=\"ltr\" style=\"font-weight: normal;line-height: 1.38;text-align: justify;margin-top: 0pt;margin-bottom: 0pt\"><span style=\"font-size: 12pt;background-color: transparent;vertical-align: baseline\">Cachoeira do Siri\u00fa - Localizada na parte sul da praia, a cachoeira do Siri\u00fa \u00e9 um lugar de beleza incompar\u00e1vel. Com uma queda d'\u00e1gua de cerca de 20 metros, a cachoeira \u00e9 um \u00f3timo lugar para se refrescar e relaxar em meio \u00e0 natureza.<\/span><\/p><br><p dir=\"ltr\" style=\"font-weight: normal;line-height: 1.38;text-align: justify;margin-top: 0pt;margin-bottom: 0pt\"><span style=\"font-size: 12pt;background-color: transparent;vertical-align: baseline\">Trilha do Siri\u00fa - A trilha do Siri\u00fa \u00e9 uma caminhada de cerca de 1 km que leva at\u00e9 a cachoeira do Siri\u00fa. Durante a caminhada, \u00e9 poss\u00edvel apreciar a fauna e flora local, al\u00e9m de ter vistas incr\u00edveis da praia e das montanhas ao redor.<\/span><\/p><br><p dir=\"ltr\" style=\"font-weight: normal;line-height: 1.38;text-align: justify;margin-top: 0pt;margin-bottom: 0pt\"><span style=\"font-size: 12pt;background-color: transparent;vertical-align: baseline\">Dunas do Siri\u00fa - As dunas do Siri\u00fa s\u00e3o uma das principais atra\u00e7\u00f5es da regi\u00e3o. Com uma extens\u00e3o de cerca de 4 km, as dunas s\u00e3o um lugar ideal para quem gosta de praticar sandboard ou simplesmente apreciar a vista panor\u00e2mica da praia.<\/span><\/p><div style=\"font-weight: normal\"><span style=\"font-size: 12pt;background-color: transparent;vertical-align: baseline\"><br><\/span><\/div><\/span><\/h2>\t\t\t\t<\/div>\n\t\t\t\t<\/div>\n\t\t\t\t\t<\/div>\n\t\t<\/div>\n\t\t\t\t\t<\/div>\n\t\t<\/section>\n\t\t\t\t<section class=\"elementor-section elementor-top-section elementor-element elementor-element-e241f0e elementor-section-boxed elementor-section-height-default elementor-section-height-default\" data-id=\"e241f0e\" data-element_type=\"section\" data-e-type=\"section\">\n\t\t\t\t\t\t<div class=\"elementor-container elementor-column-gap-default\">\n\t\t\t\t\t<div class=\"elementor-column elementor-col-100 elementor-top-column elementor-element elementor-element-185ac11\" data-id=\"185ac11\" data-element_type=\"column\" data-e-type=\"column\">\n\t\t\t<div class=\"elementor-widget-wrap elementor-element-populated\">\n\t\t\t\t\t\t<div class=\"elementor-element elementor-element-44d158c elementor-arrows-position-inside elementor-invisible elementor-widget elementor-widget-image-carousel\" data-id=\"44d158c\" data-element_type=\"widget\" data-e-type=\"widget\" data-settings=\"{&quot;slides_to_show&quot;:&quot;2&quot;,&quot;navigation&quot;:&quot;arrows&quot;,&quot;_animation&quot;:&quot;zoomInDown&quot;,&quot;autoplay&quot;:&quot;yes&quot;,&quot;pause_on_hover&quot;:&quot;yes&quot;,&quot;pause_on_interaction&quot;:&quot;yes&quot;,&quot;autoplay_speed&quot;:5000,&quot;infinite&quot;:&quot;yes&quot;,&quot;speed&quot;:500}\" data-widget_type=\"image-carousel.default\">\n\t\t\t\t<div class=\"elementor-widget-container\">\n\t\t\t\t\t\t\t<div class=\"elementor-image-carousel-wrapper swiper\" role=\"region\" aria-roledescription=\"carousel\" aria-label=\"Carrossel de imagens\" dir=\"ltr\">\n\t\t\t<div class=\"elementor-image-carousel swiper-wrapper swiper-image-stretch\" aria-live=\"off\">\n\t\t\t\t\t\t\t\t<div class=\"swiper-slide\" role=\"group\" aria-roledescription=\"slide\" aria-label=\"1 de 26\"><figure class=\"swiper-slide-inner\"><img decoding=\"async\" class=\"swiper-slide-image\" src=\"https:\/\/viladopoetasiriu.com.br\/wp-content\/uploads\/2023\/05\/42-Foto-1024x576.jpg\" alt=\"----_42 - Foto\" \/><\/figure><\/div><div class=\"swiper-slide\" role=\"group\" aria-roledescription=\"slide\" aria-label=\"2 de 26\"><figure class=\"swiper-slide-inner\"><img decoding=\"async\" class=\"swiper-slide-image\" src=\"https:\/\/viladopoetasiriu.com.br\/wp-content\/uploads\/2023\/05\/cropped-40-Foto-1024x575.jpg\" alt=\"cropped-40-Foto.jpg\" \/><\/figure><\/div><div class=\"swiper-slide\" role=\"group\" aria-roledescription=\"slide\" aria-label=\"3 de 26\"><figure class=\"swiper-slide-inner\"><img decoding=\"async\" class=\"swiper-slide-image\" src=\"https:\/\/viladopoetasiriu.com.br\/wp-content\/uploads\/2023\/05\/38-Foto-1024x576.jpg\" alt=\"---_38 - Foto\" \/><\/figure><\/div><div class=\"swiper-slide\" role=\"group\" aria-roledescription=\"slide\" aria-label=\"4 de 26\"><figure class=\"swiper-slide-inner\"><img decoding=\"async\" class=\"swiper-slide-image\" src=\"https:\/\/viladopoetasiriu.com.br\/wp-content\/uploads\/2023\/05\/36-Foto-1024x576.jpg\" alt=\"---_36 - Foto\" \/><\/figure><\/div><div class=\"swiper-slide\" role=\"group\" aria-roledescription=\"slide\" aria-label=\"5 de 26\"><figure class=\"swiper-slide-inner\"><img decoding=\"async\" class=\"swiper-slide-image\" src=\"https:\/\/viladopoetasiriu.com.br\/wp-content\/uploads\/2023\/05\/45-Foto-1024x576.jpg\" alt=\"------_45 - Foto\" \/><\/figure><\/div><div class=\"swiper-slide\" role=\"group\" aria-roledescription=\"slide\" aria-label=\"6 de 26\"><figure class=\"swiper-slide-inner\"><img decoding=\"async\" class=\"swiper-slide-image\" src=\"https:\/\/viladopoetasiriu.com.br\/wp-content\/uploads\/2023\/05\/44-Foto-1024x576.jpg\" alt=\"------_44 - Foto\" \/><\/figure><\/div><div class=\"swiper-slide\" role=\"group\" aria-roledescription=\"slide\" aria-label=\"7 de 26\"><figure class=\"swiper-slide-inner\"><img decoding=\"async\" class=\"swiper-slide-image\" src=\"https:\/\/viladopoetasiriu.com.br\/wp-content\/uploads\/2023\/05\/41-Foto-1024x576.jpg\" alt=\"----_41 - Foto\" \/><\/figure><\/div><div class=\"swiper-slide\" role=\"group\" aria-roledescription=\"slide\" aria-label=\"8 de 26\"><figure class=\"swiper-slide-inner\"><img decoding=\"async\" class=\"swiper-slide-image\" src=\"https:\/\/viladopoetasiriu.com.br\/wp-content\/uploads\/2023\/05\/40-Foto-1024x576.jpg\" alt=\"---_40 - Foto\" \/><\/figure><\/div><div class=\"swiper-slide\" role=\"group\" aria-roledescription=\"slide\" aria-label=\"9 de 26\"><figure class=\"swiper-slide-inner\"><img decoding=\"async\" class=\"swiper-slide-image\" src=\"https:\/\/viladopoetasiriu.com.br\/wp-content\/uploads\/2023\/05\/33-Foto-1024x576.jpg\" alt=\"---_33 - Foto\" \/><\/figure><\/div><div class=\"swiper-slide\" role=\"group\" aria-roledescription=\"slide\" aria-label=\"10 de 26\"><figure class=\"swiper-slide-inner\"><img decoding=\"async\" class=\"swiper-slide-image\" src=\"https:\/\/viladopoetasiriu.com.br\/wp-content\/uploads\/2023\/05\/8-Foto-1024x576.jpg\" alt=\"-_8 - Foto\" \/><\/figure><\/div><div class=\"swiper-slide\" role=\"group\" aria-roledescription=\"slide\" aria-label=\"11 de 26\"><figure class=\"swiper-slide-inner\"><img decoding=\"async\" class=\"swiper-slide-image\" src=\"https:\/\/viladopoetasiriu.com.br\/wp-content\/uploads\/2023\/05\/3-Foto-1024x576.jpg\" alt=\"-_3 - Foto\" \/><\/figure><\/div><div class=\"swiper-slide\" role=\"group\" aria-roledescription=\"slide\" aria-label=\"12 de 26\"><figure class=\"swiper-slide-inner\"><img decoding=\"async\" class=\"swiper-slide-image\" src=\"https:\/\/viladopoetasiriu.com.br\/wp-content\/uploads\/2023\/05\/2-Foto-1024x576.jpg\" alt=\"-_2 - Foto\" \/><\/figure><\/div><div class=\"swiper-slide\" role=\"group\" aria-roledescription=\"slide\" aria-label=\"13 de 26\"><figure class=\"swiper-slide-inner\"><img decoding=\"async\" class=\"swiper-slide-image\" src=\"https:\/\/viladopoetasiriu.com.br\/wp-content\/uploads\/2023\/05\/1-Foto-1024x576.jpg\" alt=\"-_1 - Foto\" \/><\/figure><\/div><div class=\"swiper-slide\" role=\"group\" aria-roledescription=\"slide\" aria-label=\"14 de 26\"><figure class=\"swiper-slide-inner\"><img decoding=\"async\" class=\"swiper-slide-image\" src=\"https:\/\/viladopoetasiriu.com.br\/wp-content\/uploads\/2023\/05\/32-Foto-1024x576.jpg\" alt=\"---_32 - Foto\" \/><\/figure><\/div><div class=\"swiper-slide\" role=\"group\" aria-roledescription=\"slide\" aria-label=\"15 de 26\"><figure class=\"swiper-slide-inner\"><img decoding=\"async\" class=\"swiper-slide-image\" src=\"https:\/\/viladopoetasiriu.com.br\/wp-content\/uploads\/2023\/05\/34-Foto-1024x576.jpg\" alt=\"---_34 - Foto\" \/><\/figure><\/div><div class=\"swiper-slide\" role=\"group\" aria-roledescription=\"slide\" aria-label=\"16 de 26\"><figure class=\"swiper-slide-inner\"><img decoding=\"async\" class=\"swiper-slide-image\" src=\"https:\/\/viladopoetasiriu.com.br\/wp-content\/uploads\/2023\/05\/35-Foto-1024x576.jpg\" alt=\"---_35 - Foto\" \/><\/figure><\/div><div class=\"swiper-slide\" role=\"group\" aria-roledescription=\"slide\" aria-label=\"17 de 26\"><figure class=\"swiper-slide-inner\"><img decoding=\"async\" class=\"swiper-slide-image\" src=\"https:\/\/viladopoetasiriu.com.br\/wp-content\/uploads\/2023\/05\/9-Foto-1024x576.jpg\" alt=\"-_9 - Foto\" \/><\/figure><\/div><div class=\"swiper-slide\" role=\"group\" aria-roledescription=\"slide\" aria-label=\"18 de 26\"><figure class=\"swiper-slide-inner\"><img decoding=\"async\" class=\"swiper-slide-image\" src=\"https:\/\/viladopoetasiriu.com.br\/wp-content\/uploads\/2023\/05\/19-Foto-1024x576.jpg\" alt=\"--_19 - Foto\" \/><\/figure><\/div><div class=\"swiper-slide\" role=\"group\" aria-roledescription=\"slide\" aria-label=\"19 de 26\"><figure class=\"swiper-slide-inner\"><img decoding=\"async\" class=\"swiper-slide-image\" src=\"https:\/\/viladopoetasiriu.com.br\/wp-content\/uploads\/2023\/05\/20-Foto-1024x576.jpg\" alt=\"--_20 - Foto\" \/><\/figure><\/div><div class=\"swiper-slide\" role=\"group\" aria-roledescription=\"slide\" aria-label=\"20 de 26\"><figure class=\"swiper-slide-inner\"><img decoding=\"async\" class=\"swiper-slide-image\" src=\"https:\/\/viladopoetasiriu.com.br\/wp-content\/uploads\/2023\/05\/47-Foto-1024x576.jpg\" alt=\"------_47 - Foto\" \/><\/figure><\/div><div class=\"swiper-slide\" role=\"group\" aria-roledescription=\"slide\" aria-label=\"21 de 26\"><figure class=\"swiper-slide-inner\"><img decoding=\"async\" class=\"swiper-slide-image\" src=\"https:\/\/viladopoetasiriu.com.br\/wp-content\/uploads\/2023\/05\/46-Foto-1024x576.jpg\" alt=\"------_46 - Foto\" \/><\/figure><\/div><div class=\"swiper-slide\" role=\"group\" aria-roledescription=\"slide\" aria-label=\"22 de 26\"><figure class=\"swiper-slide-inner\"><img decoding=\"async\" class=\"swiper-slide-image\" src=\"https:\/\/viladopoetasiriu.com.br\/wp-content\/uploads\/2023\/05\/39-Foto-1024x576.jpg\" alt=\"---_39 - Foto\" \/><\/figure><\/div><div class=\"swiper-slide\" role=\"group\" aria-roledescription=\"slide\" aria-label=\"23 de 26\"><figure class=\"swiper-slide-inner\"><img decoding=\"async\" class=\"swiper-slide-image\" src=\"https:\/\/viladopoetasiriu.com.br\/wp-content\/uploads\/2023\/05\/37-Foto-1024x576.jpg\" alt=\"---_37 - Foto\" \/><\/figure><\/div><div class=\"swiper-slide\" role=\"group\" aria-roledescription=\"slide\" aria-label=\"24 de 26\"><figure class=\"swiper-slide-inner\"><img decoding=\"async\" class=\"swiper-slide-image\" src=\"https:\/\/viladopoetasiriu.com.br\/wp-content\/uploads\/2023\/05\/unnamed-file-1024x576.jpg\" alt=\"-\" \/><\/figure><\/div><div class=\"swiper-slide\" role=\"group\" aria-roledescription=\"slide\" aria-label=\"25 de 26\"><figure class=\"swiper-slide-inner\"><img decoding=\"async\" class=\"swiper-slide-image\" src=\"https:\/\/viladopoetasiriu.com.br\/wp-content\/uploads\/2023\/05\/cropped-Captura-de-tela-2023-05-03-163754-1024x394.png\" alt=\"cropped-Captura-de-tela-2023-05-03-163754.png\" \/><\/figure><\/div><div class=\"swiper-slide\" role=\"group\" aria-roledescription=\"slide\" aria-label=\"26 de 26\"><figure class=\"swiper-slide-inner\"><img decoding=\"async\" class=\"swiper-slide-image\" src=\"https:\/\/viladopoetasiriu.com.br\/wp-content\/uploads\/2023\/05\/Captura-de-tela-2023-05-03-163754-1024x576.png\" alt=\"Captura de tela 2023-05-03 163754\" \/><\/figure><\/div>\t\t\t<\/div>\n\t\t\t\t\t\t\t\t\t\t\t\t<div class=\"elementor-swiper-button elementor-swiper-button-prev\" role=\"button\" tabindex=\"0\">\n\t\t\t\t\t\t<i aria-hidden=\"true\" class=\"eicon-chevron-left\"><\/i>\t\t\t\t\t<\/div>\n\t\t\t\t\t<div class=\"elementor-swiper-button elementor-swiper-button-next\" role=\"button\" tabindex=\"0\">\n\t\t\t\t\t\t<i aria-hidden=\"true\" class=\"eicon-chevron-right\"><\/i>\t\t\t\t\t<\/div>\n\t\t\t\t\n\t\t\t\t\t\t\t\t\t<\/div>\n\t\t\t\t\t\t<\/div>\n\t\t\t\t<\/div>\n\t\t\t\t\t<\/div>\n\t\t<\/div>\n\t\t\t\t\t<\/div>\n\t\t<\/section>\n\t\t\t\t<\/div>\n\t\t","protected":false},"excerpt":{"rendered":"<p>Fique por dentro de todos os detalhes do lan\u00e7amento da Vila do Poeta! Registre seu nome e endere\u00e7o de e-mail agora mesmo e receba em primeira m\u00e3o o material assim que o projeto for oficialmente lan\u00e7ado. N\u00e3o perca a chance de ser o primeiro a saber! Bem-vindo(a) \u00e0 Vila do Poeta, um condom\u00ednio exclusivo localizado na paradis\u00edaca praia do Siri\u00fa, em Garopaba, Santa Catarina. A regi\u00e3o \u00e9 conhecida por suas paisagens deslumbrantes, praias de \u00e1guas cristalinas e natureza exuberante. Garopaba \u00e9 um munic\u00edpio tur\u00edstico que atrai visitantes do Brasil e do mundo inteiro. Al\u00e9m de suas belas praias, Garopaba oferece uma variedade de atividades ao ar livre, como trilhas, passeios de bicicleta, surfe e pesca. A regi\u00e3o tamb\u00e9m \u00e9 conhecida por sua rica cultura a\u00e7oriana, que se reflete em sua gastronomia, arquitetura e festividades. A praia do Siri\u00fa, onde est\u00e1 localizada a Vila do Poeta, \u00e9 um dos tesouros mais bem guardados de Garopaba. Com uma extens\u00e3o de cerca de 4 km, a praia \u00e9 cercada por dunas e mata atl\u00e2ntica preservada, proporcionando uma experi\u00eancia \u00fanica em contato com a natureza. A praia \u00e9 conhecida por suas ondas fortes, atraindo surfistas do mundo inteiro. Al\u00e9m da praia do Siri\u00fa, Garopaba oferece uma s\u00e9rie de outras op\u00e7\u00f5es de praias, cada uma com sua pr\u00f3pria personalidade. Entre elas, destacam-se a praia da Ferrugem, a praia do Rosa e a praia da Gamboa. A Vila do Poeta est\u00e1 localizada a apenas 10 minutos do centro de Garopaba, onde voc\u00ea encontrar\u00e1 uma variedade de restaurantes, lojas e servi\u00e7os para atender a todas as suas necessidades. Venha conhecer a Vila do Poeta e descubra tudo o que Garopaba tem a oferecer! Atrativos: Rio Poeta &#8211; \u00e9 um dos principais atrativos da regi\u00e3o onde se localiza o empreendimento Vila do Poeta. Ele tem cerca de 7 km de extens\u00e3o e des\u00e1gua no mar na Praia da Gamboa, que fica pr\u00f3xima \u00e0 Praia do Siri\u00fa. O Rio Poeta \u00e9 conhecido pela sua beleza natural e tranquilidade, e \u00e9 um \u00f3timo lugar para quem gosta de praticar atividades aqu\u00e1ticas, como canoagem, stand-up paddle e nata\u00e7\u00e3o. Al\u00e9m disso, ao longo das suas margens \u00e9 poss\u00edvel encontrar \u00e1reas de preserva\u00e7\u00e3o ambiental, com uma grande variedade de fauna e flora nativas. Cachoeira do Siri\u00fa &#8211; Localizada na parte sul da praia, a cachoeira do Siri\u00fa \u00e9 um lugar de beleza incompar\u00e1vel. Com uma queda d&#8217;\u00e1gua de cerca de 20 metros, a cachoeira \u00e9 um \u00f3timo lugar para se refrescar e relaxar em meio \u00e0 natureza. Trilha do Siri\u00fa &#8211; A trilha do Siri\u00fa \u00e9 uma caminhada de cerca de 1 km que leva at\u00e9 a cachoeira do Siri\u00fa. Durante a caminhada, \u00e9 poss\u00edvel apreciar a fauna e flora local, al\u00e9m de ter vistas incr\u00edveis da praia e das montanhas ao redor. Dunas do Siri\u00fa &#8211; As dunas do Siri\u00fa s\u00e3o uma das principais atra\u00e7\u00f5es da regi\u00e3o. Com uma extens\u00e3o de cerca de 4 km, as dunas s\u00e3o um lugar ideal para quem gosta de praticar sandboard ou simplesmente apreciar a vista panor\u00e2mica da praia. Anterior Pr\u00f3ximo<\/p>\n","protected":false},"author":1,"featured_media":0,"parent":0,"menu_order":0,"comment_status":"closed","ping_status":"closed","template":"","meta":{"footnotes":""},"class_list":["post-9","page","type-page","status-publish","hentry"],"_links":{"self":[{"href":"https:\/\/viladopoetasiriu.com.br\/index.php?rest_route=\/wp\/v2\/pages\/9","targetHints":{"allow":["GET"]}}],"collection":[{"href":"https:\/\/viladopoetasiriu.com.br\/index.php?rest_route=\/wp\/v2\/pages"}],"about":[{"href":"https:\/\/viladopoetasiriu.com.br\/index.php?rest_route=\/wp\/v2\/types\/page"}],"author":[{"embeddable":true,"href":"https:\/\/viladopoetasiriu.com.br\/index.php?rest_route=\/wp\/v2\/users\/1"}],"replies":[{"embeddable":true,"href":"https:\/\/viladopoetasiriu.com.br\/index.php?rest_route=%2Fwp%2Fv2%2Fcomments&post=9"}],"version-history":[{"count":59,"href":"https:\/\/viladopoetasiriu.com.br\/index.php?rest_route=\/wp\/v2\/pages\/9\/revisions"}],"predecessor-version":[{"id":376,"href":"https:\/\/viladopoetasiriu.com.br\/index.php?rest_route=\/wp\/v2\/pages\/9\/revisions\/376"}],"wp:attachment":[{"href":"https:\/\/viladopoetasiriu.com.br\/index.php?rest_route=%2Fwp%2Fv2%2Fmedia&parent=9"}],"curies":[{"name":"wp","href":"https:\/\/api.w.org\/{rel}","templated":true}]}}