{"id":15,"date":"2023-04-25T14:19:48","date_gmt":"2023-04-25T17:19:48","guid":{"rendered":"https:\/\/viladopoetasiriu.com.br\/?page_id=15"},"modified":"2023-07-06T15:08:19","modified_gmt":"2023-07-06T18:08:19","slug":"projeto","status":"publish","type":"page","link":"https:\/\/viladopoetasiriu.com.br\/?page_id=15","title":{"rendered":"PROJETO"},"content":{"rendered":"\t\t<div data-elementor-type=\"wp-page\" data-elementor-id=\"15\" class=\"elementor elementor-15\">\n\t\t\t\t\t\t<section class=\"elementor-section elementor-top-section elementor-element elementor-element-3b0af90 elementor-section-boxed elementor-section-height-default elementor-section-height-default\" data-id=\"3b0af90\" data-element_type=\"section\" data-e-type=\"section\">\n\t\t\t\t\t\t<div class=\"elementor-container elementor-column-gap-default\">\n\t\t\t\t\t<div class=\"elementor-column elementor-col-66 elementor-top-column elementor-element elementor-element-419311a\" data-id=\"419311a\" data-element_type=\"column\" data-e-type=\"column\">\n\t\t\t<div class=\"elementor-widget-wrap elementor-element-populated\">\n\t\t\t\t\t\t<div class=\"elementor-element elementor-element-0363bf7 e-transform elementor-widget elementor-widget-image\" data-id=\"0363bf7\" data-element_type=\"widget\" data-e-type=\"widget\" data-settings=\"{&quot;_transform_translateY_effect&quot;:{&quot;unit&quot;:&quot;px&quot;,&quot;size&quot;:0,&quot;sizes&quot;:[]},&quot;_transform_translateX_effect&quot;:{&quot;unit&quot;:&quot;px&quot;,&quot;size&quot;:&quot;&quot;,&quot;sizes&quot;:[]},&quot;_transform_translateX_effect_tablet&quot;:{&quot;unit&quot;:&quot;px&quot;,&quot;size&quot;:&quot;&quot;,&quot;sizes&quot;:[]},&quot;_transform_translateX_effect_mobile&quot;:{&quot;unit&quot;:&quot;px&quot;,&quot;size&quot;:&quot;&quot;,&quot;sizes&quot;:[]},&quot;_transform_translateY_effect_tablet&quot;:{&quot;unit&quot;:&quot;px&quot;,&quot;size&quot;:&quot;&quot;,&quot;sizes&quot;:[]},&quot;_transform_translateY_effect_mobile&quot;:{&quot;unit&quot;:&quot;px&quot;,&quot;size&quot;:&quot;&quot;,&quot;sizes&quot;:[]}}\" data-widget_type=\"image.default\">\n\t\t\t\t<div class=\"elementor-widget-container\">\n\t\t\t\t\t\t\t\t\t\t\t\t\t\t\t<img fetchpriority=\"high\" decoding=\"async\" width=\"960\" height=\"540\" src=\"https:\/\/viladopoetasiriu.com.br\/wp-content\/uploads\/2023\/05\/19-Foto-1024x576.jpg\" class=\"attachment-large size-large wp-image-291\" alt=\"\" srcset=\"https:\/\/viladopoetasiriu.com.br\/wp-content\/uploads\/2023\/05\/19-Foto-1024x576.jpg 1024w, https:\/\/viladopoetasiriu.com.br\/wp-content\/uploads\/2023\/05\/19-Foto-300x169.jpg 300w, https:\/\/viladopoetasiriu.com.br\/wp-content\/uploads\/2023\/05\/19-Foto-768x432.jpg 768w, https:\/\/viladopoetasiriu.com.br\/wp-content\/uploads\/2023\/05\/19-Foto-1536x864.jpg 1536w, https:\/\/viladopoetasiriu.com.br\/wp-content\/uploads\/2023\/05\/19-Foto-1140x641.jpg 1140w, https:\/\/viladopoetasiriu.com.br\/wp-content\/uploads\/2023\/05\/19-Foto.jpg 1920w\" sizes=\"(max-width: 960px) 100vw, 960px\" \/>\t\t\t\t\t\t\t\t\t\t\t\t\t\t\t<\/div>\n\t\t\t\t<\/div>\n\t\t\t\t\t<\/div>\n\t\t<\/div>\n\t\t\t\t<div class=\"elementor-column elementor-col-33 elementor-top-column elementor-element elementor-element-ec3e071\" data-id=\"ec3e071\" data-element_type=\"column\" data-e-type=\"column\">\n\t\t\t<div class=\"elementor-widget-wrap elementor-element-populated\">\n\t\t\t\t\t\t<div class=\"elementor-element elementor-element-ad871c8 elementor-widget elementor-widget-image\" data-id=\"ad871c8\" data-element_type=\"widget\" data-e-type=\"widget\" data-widget_type=\"image.default\">\n\t\t\t\t<div class=\"elementor-widget-container\">\n\t\t\t\t\t\t\t\t\t\t\t\t\t\t\t<img decoding=\"async\" width=\"960\" height=\"540\" src=\"https:\/\/viladopoetasiriu.com.br\/wp-content\/uploads\/2023\/05\/38-Foto-1024x576.jpg\" class=\"attachment-large size-large wp-image-299\" alt=\"\" srcset=\"https:\/\/viladopoetasiriu.com.br\/wp-content\/uploads\/2023\/05\/38-Foto-1024x576.jpg 1024w, https:\/\/viladopoetasiriu.com.br\/wp-content\/uploads\/2023\/05\/38-Foto-300x169.jpg 300w, https:\/\/viladopoetasiriu.com.br\/wp-content\/uploads\/2023\/05\/38-Foto-768x432.jpg 768w, https:\/\/viladopoetasiriu.com.br\/wp-content\/uploads\/2023\/05\/38-Foto-1536x864.jpg 1536w, https:\/\/viladopoetasiriu.com.br\/wp-content\/uploads\/2023\/05\/38-Foto-1140x641.jpg 1140w, https:\/\/viladopoetasiriu.com.br\/wp-content\/uploads\/2023\/05\/38-Foto.jpg 1920w\" sizes=\"(max-width: 960px) 100vw, 960px\" \/>\t\t\t\t\t\t\t\t\t\t\t\t\t\t\t<\/div>\n\t\t\t\t<\/div>\n\t\t\t\t\t<\/div>\n\t\t<\/div>\n\t\t\t\t\t<\/div>\n\t\t<\/section>\n\t\t\t\t<section class=\"elementor-section elementor-top-section elementor-element elementor-element-4e67392 elementor-section-boxed elementor-section-height-default elementor-section-height-default\" data-id=\"4e67392\" data-element_type=\"section\" data-e-type=\"section\">\n\t\t\t\t\t\t<div class=\"elementor-container elementor-column-gap-default\">\n\t\t\t\t\t<div class=\"elementor-column elementor-col-33 elementor-top-column elementor-element elementor-element-187a9ec\" data-id=\"187a9ec\" data-element_type=\"column\" data-e-type=\"column\">\n\t\t\t<div class=\"elementor-widget-wrap elementor-element-populated\">\n\t\t\t\t\t\t<div class=\"elementor-element elementor-element-4fe1ae2 elementor-widget elementor-widget-image\" data-id=\"4fe1ae2\" data-element_type=\"widget\" data-e-type=\"widget\" data-widget_type=\"image.default\">\n\t\t\t\t<div class=\"elementor-widget-container\">\n\t\t\t\t\t\t\t\t\t\t\t\t\t\t\t<img decoding=\"async\" width=\"960\" height=\"540\" src=\"https:\/\/viladopoetasiriu.com.br\/wp-content\/uploads\/2023\/05\/37-Foto-1024x576.jpg\" class=\"attachment-large size-large wp-image-298\" alt=\"\" srcset=\"https:\/\/viladopoetasiriu.com.br\/wp-content\/uploads\/2023\/05\/37-Foto-1024x576.jpg 1024w, https:\/\/viladopoetasiriu.com.br\/wp-content\/uploads\/2023\/05\/37-Foto-300x169.jpg 300w, https:\/\/viladopoetasiriu.com.br\/wp-content\/uploads\/2023\/05\/37-Foto-768x432.jpg 768w, https:\/\/viladopoetasiriu.com.br\/wp-content\/uploads\/2023\/05\/37-Foto-1536x864.jpg 1536w, https:\/\/viladopoetasiriu.com.br\/wp-content\/uploads\/2023\/05\/37-Foto-1140x641.jpg 1140w, https:\/\/viladopoetasiriu.com.br\/wp-content\/uploads\/2023\/05\/37-Foto.jpg 1920w\" sizes=\"(max-width: 960px) 100vw, 960px\" \/>\t\t\t\t\t\t\t\t\t\t\t\t\t\t\t<\/div>\n\t\t\t\t<\/div>\n\t\t\t\t\t<\/div>\n\t\t<\/div>\n\t\t\t\t<div class=\"elementor-column elementor-col-66 elementor-top-column elementor-element elementor-element-e900088\" data-id=\"e900088\" data-element_type=\"column\" data-e-type=\"column\">\n\t\t\t<div class=\"elementor-widget-wrap elementor-element-populated\">\n\t\t\t\t\t\t<div class=\"elementor-element elementor-element-6224df1 elementor-widget elementor-widget-image\" data-id=\"6224df1\" data-element_type=\"widget\" data-e-type=\"widget\" data-widget_type=\"image.default\">\n\t\t\t\t<div class=\"elementor-widget-container\">\n\t\t\t\t\t\t\t\t\t\t\t\t\t\t\t<img loading=\"lazy\" decoding=\"async\" width=\"960\" height=\"540\" src=\"https:\/\/viladopoetasiriu.com.br\/wp-content\/uploads\/2023\/05\/39-Foto-1024x576.jpg\" class=\"attachment-large size-large wp-image-300\" alt=\"\" srcset=\"https:\/\/viladopoetasiriu.com.br\/wp-content\/uploads\/2023\/05\/39-Foto-1024x576.jpg 1024w, https:\/\/viladopoetasiriu.com.br\/wp-content\/uploads\/2023\/05\/39-Foto-300x169.jpg 300w, https:\/\/viladopoetasiriu.com.br\/wp-content\/uploads\/2023\/05\/39-Foto-768x432.jpg 768w, https:\/\/viladopoetasiriu.com.br\/wp-content\/uploads\/2023\/05\/39-Foto-1536x864.jpg 1536w, https:\/\/viladopoetasiriu.com.br\/wp-content\/uploads\/2023\/05\/39-Foto-1140x641.jpg 1140w, https:\/\/viladopoetasiriu.com.br\/wp-content\/uploads\/2023\/05\/39-Foto.jpg 1920w\" sizes=\"(max-width: 960px) 100vw, 960px\" \/>\t\t\t\t\t\t\t\t\t\t\t\t\t\t\t<\/div>\n\t\t\t\t<\/div>\n\t\t\t\t\t<\/div>\n\t\t<\/div>\n\t\t\t\t\t<\/div>\n\t\t<\/section>\n\t\t\t\t<section class=\"elementor-section elementor-top-section elementor-element elementor-element-35ab988 elementor-section-boxed elementor-section-height-default elementor-section-height-default\" data-id=\"35ab988\" data-element_type=\"section\" data-e-type=\"section\">\n\t\t\t\t\t\t<div class=\"elementor-container elementor-column-gap-default\">\n\t\t\t\t\t<div class=\"elementor-column elementor-col-33 elementor-top-column elementor-element elementor-element-98e1990\" data-id=\"98e1990\" data-element_type=\"column\" data-e-type=\"column\">\n\t\t\t<div class=\"elementor-widget-wrap elementor-element-populated\">\n\t\t\t\t\t\t<div class=\"elementor-element elementor-element-0dcd6a3 elementor-widget elementor-widget-image\" data-id=\"0dcd6a3\" data-element_type=\"widget\" data-e-type=\"widget\" data-widget_type=\"image.default\">\n\t\t\t\t<div class=\"elementor-widget-container\">\n\t\t\t\t\t\t\t\t\t\t\t\t\t\t\t<img loading=\"lazy\" decoding=\"async\" width=\"960\" height=\"540\" src=\"https:\/\/viladopoetasiriu.com.br\/wp-content\/uploads\/2023\/05\/9-Foto-1024x576.jpg\" class=\"attachment-large size-large wp-image-290\" alt=\"\" srcset=\"https:\/\/viladopoetasiriu.com.br\/wp-content\/uploads\/2023\/05\/9-Foto-1024x576.jpg 1024w, https:\/\/viladopoetasiriu.com.br\/wp-content\/uploads\/2023\/05\/9-Foto-300x169.jpg 300w, https:\/\/viladopoetasiriu.com.br\/wp-content\/uploads\/2023\/05\/9-Foto-768x432.jpg 768w, https:\/\/viladopoetasiriu.com.br\/wp-content\/uploads\/2023\/05\/9-Foto-1536x864.jpg 1536w, https:\/\/viladopoetasiriu.com.br\/wp-content\/uploads\/2023\/05\/9-Foto-1140x641.jpg 1140w, https:\/\/viladopoetasiriu.com.br\/wp-content\/uploads\/2023\/05\/9-Foto.jpg 1920w\" sizes=\"(max-width: 960px) 100vw, 960px\" \/>\t\t\t\t\t\t\t\t\t\t\t\t\t\t\t<\/div>\n\t\t\t\t<\/div>\n\t\t\t\t\t<\/div>\n\t\t<\/div>\n\t\t\t\t<div class=\"elementor-column elementor-col-33 elementor-top-column elementor-element elementor-element-05539f2\" data-id=\"05539f2\" data-element_type=\"column\" data-e-type=\"column\">\n\t\t\t<div class=\"elementor-widget-wrap elementor-element-populated\">\n\t\t\t\t\t\t<div class=\"elementor-element elementor-element-93aceed elementor-widget elementor-widget-image\" data-id=\"93aceed\" data-element_type=\"widget\" data-e-type=\"widget\" data-widget_type=\"image.default\">\n\t\t\t\t<div class=\"elementor-widget-container\">\n\t\t\t\t\t\t\t\t\t\t\t\t\t\t\t<img loading=\"lazy\" decoding=\"async\" width=\"960\" height=\"540\" src=\"https:\/\/viladopoetasiriu.com.br\/wp-content\/uploads\/2023\/05\/3-Foto-1024x576.jpg\" class=\"attachment-large size-large wp-image-288\" alt=\"\" srcset=\"https:\/\/viladopoetasiriu.com.br\/wp-content\/uploads\/2023\/05\/3-Foto-1024x576.jpg 1024w, https:\/\/viladopoetasiriu.com.br\/wp-content\/uploads\/2023\/05\/3-Foto-300x169.jpg 300w, https:\/\/viladopoetasiriu.com.br\/wp-content\/uploads\/2023\/05\/3-Foto-768x432.jpg 768w, https:\/\/viladopoetasiriu.com.br\/wp-content\/uploads\/2023\/05\/3-Foto-1536x864.jpg 1536w, https:\/\/viladopoetasiriu.com.br\/wp-content\/uploads\/2023\/05\/3-Foto-1140x641.jpg 1140w, https:\/\/viladopoetasiriu.com.br\/wp-content\/uploads\/2023\/05\/3-Foto.jpg 1920w\" sizes=\"(max-width: 960px) 100vw, 960px\" \/>\t\t\t\t\t\t\t\t\t\t\t\t\t\t\t<\/div>\n\t\t\t\t<\/div>\n\t\t\t\t\t<\/div>\n\t\t<\/div>\n\t\t\t\t<div class=\"elementor-column elementor-col-33 elementor-top-column elementor-element elementor-element-c90e8ab\" data-id=\"c90e8ab\" data-element_type=\"column\" data-e-type=\"column\">\n\t\t\t<div class=\"elementor-widget-wrap elementor-element-populated\">\n\t\t\t\t\t\t<div class=\"elementor-element elementor-element-16b6af3 elementor-widget elementor-widget-image\" data-id=\"16b6af3\" data-element_type=\"widget\" data-e-type=\"widget\" data-widget_type=\"image.default\">\n\t\t\t\t<div class=\"elementor-widget-container\">\n\t\t\t\t\t\t\t\t\t\t\t\t\t\t\t<img loading=\"lazy\" decoding=\"async\" width=\"960\" height=\"540\" src=\"https:\/\/viladopoetasiriu.com.br\/wp-content\/uploads\/2023\/05\/unnamed-file-1024x576.jpg\" class=\"attachment-large size-large wp-image-285\" alt=\"\" srcset=\"https:\/\/viladopoetasiriu.com.br\/wp-content\/uploads\/2023\/05\/unnamed-file-1024x576.jpg 1024w, https:\/\/viladopoetasiriu.com.br\/wp-content\/uploads\/2023\/05\/unnamed-file-300x169.jpg 300w, https:\/\/viladopoetasiriu.com.br\/wp-content\/uploads\/2023\/05\/unnamed-file-768x432.jpg 768w, https:\/\/viladopoetasiriu.com.br\/wp-content\/uploads\/2023\/05\/unnamed-file-1536x864.jpg 1536w, https:\/\/viladopoetasiriu.com.br\/wp-content\/uploads\/2023\/05\/unnamed-file-1140x641.jpg 1140w, https:\/\/viladopoetasiriu.com.br\/wp-content\/uploads\/2023\/05\/unnamed-file.jpg 1920w\" sizes=\"(max-width: 960px) 100vw, 960px\" \/>\t\t\t\t\t\t\t\t\t\t\t\t\t\t\t<\/div>\n\t\t\t\t<\/div>\n\t\t\t\t\t<\/div>\n\t\t<\/div>\n\t\t\t\t\t<\/div>\n\t\t<\/section>\n\t\t\t\t<section class=\"elementor-section elementor-top-section elementor-element elementor-element-60bde51 elementor-section-boxed elementor-section-height-default elementor-section-height-default\" data-id=\"60bde51\" data-element_type=\"section\" data-e-type=\"section\">\n\t\t\t\t\t\t<div class=\"elementor-container elementor-column-gap-default\">\n\t\t\t\t\t<div class=\"elementor-column elementor-col-66 elementor-top-column elementor-element elementor-element-d5d0f81\" data-id=\"d5d0f81\" data-element_type=\"column\" data-e-type=\"column\">\n\t\t\t<div class=\"elementor-widget-wrap elementor-element-populated\">\n\t\t\t\t\t\t<div class=\"elementor-element elementor-element-f13a45d elementor-widget elementor-widget-image\" data-id=\"f13a45d\" data-element_type=\"widget\" data-e-type=\"widget\" data-widget_type=\"image.default\">\n\t\t\t\t<div class=\"elementor-widget-container\">\n\t\t\t\t\t\t\t\t\t\t\t\t\t\t\t<img loading=\"lazy\" decoding=\"async\" width=\"960\" height=\"540\" src=\"https:\/\/viladopoetasiriu.com.br\/wp-content\/uploads\/2023\/05\/42-Foto-1024x576.jpg\" class=\"attachment-large size-large wp-image-303\" alt=\"\" srcset=\"https:\/\/viladopoetasiriu.com.br\/wp-content\/uploads\/2023\/05\/42-Foto-1024x576.jpg 1024w, https:\/\/viladopoetasiriu.com.br\/wp-content\/uploads\/2023\/05\/42-Foto-300x169.jpg 300w, https:\/\/viladopoetasiriu.com.br\/wp-content\/uploads\/2023\/05\/42-Foto-768x432.jpg 768w, https:\/\/viladopoetasiriu.com.br\/wp-content\/uploads\/2023\/05\/42-Foto-1536x864.jpg 1536w, https:\/\/viladopoetasiriu.com.br\/wp-content\/uploads\/2023\/05\/42-Foto-1140x641.jpg 1140w, https:\/\/viladopoetasiriu.com.br\/wp-content\/uploads\/2023\/05\/42-Foto.jpg 1920w\" sizes=\"(max-width: 960px) 100vw, 960px\" \/>\t\t\t\t\t\t\t\t\t\t\t\t\t\t\t<\/div>\n\t\t\t\t<\/div>\n\t\t\t\t\t<\/div>\n\t\t<\/div>\n\t\t\t\t<div class=\"elementor-column elementor-col-33 elementor-top-column elementor-element elementor-element-6871f52\" data-id=\"6871f52\" data-element_type=\"column\" data-e-type=\"column\">\n\t\t\t<div class=\"elementor-widget-wrap elementor-element-populated\">\n\t\t\t\t\t\t<div class=\"elementor-element elementor-element-2a6d364 elementor-widget elementor-widget-image\" data-id=\"2a6d364\" data-element_type=\"widget\" data-e-type=\"widget\" data-widget_type=\"image.default\">\n\t\t\t\t<div class=\"elementor-widget-container\">\n\t\t\t\t\t\t\t\t\t\t\t\t\t\t\t<img loading=\"lazy\" decoding=\"async\" width=\"960\" height=\"540\" src=\"https:\/\/viladopoetasiriu.com.br\/wp-content\/uploads\/2023\/05\/41-Foto-1024x576.jpg\" class=\"attachment-large size-large wp-image-302\" alt=\"\" srcset=\"https:\/\/viladopoetasiriu.com.br\/wp-content\/uploads\/2023\/05\/41-Foto-1024x576.jpg 1024w, https:\/\/viladopoetasiriu.com.br\/wp-content\/uploads\/2023\/05\/41-Foto-300x169.jpg 300w, https:\/\/viladopoetasiriu.com.br\/wp-content\/uploads\/2023\/05\/41-Foto-768x432.jpg 768w, https:\/\/viladopoetasiriu.com.br\/wp-content\/uploads\/2023\/05\/41-Foto-1536x864.jpg 1536w, https:\/\/viladopoetasiriu.com.br\/wp-content\/uploads\/2023\/05\/41-Foto-1140x641.jpg 1140w, https:\/\/viladopoetasiriu.com.br\/wp-content\/uploads\/2023\/05\/41-Foto.jpg 1920w\" sizes=\"(max-width: 960px) 100vw, 960px\" \/>\t\t\t\t\t\t\t\t\t\t\t\t\t\t\t<\/div>\n\t\t\t\t<\/div>\n\t\t\t\t\t<\/div>\n\t\t<\/div>\n\t\t\t\t\t<\/div>\n\t\t<\/section>\n\t\t\t\t<section class=\"elementor-section elementor-top-section elementor-element elementor-element-a6d9041 elementor-section-boxed elementor-section-height-default elementor-section-height-default\" data-id=\"a6d9041\" data-element_type=\"section\" data-e-type=\"section\">\n\t\t\t\t\t\t<div class=\"elementor-container elementor-column-gap-default\">\n\t\t\t\t\t<div class=\"elementor-column elementor-col-33 elementor-top-column elementor-element elementor-element-fad6ca5\" data-id=\"fad6ca5\" data-element_type=\"column\" data-e-type=\"column\">\n\t\t\t<div class=\"elementor-widget-wrap elementor-element-populated\">\n\t\t\t\t\t\t<div class=\"elementor-element elementor-element-a415794 elementor-widget elementor-widget-image\" data-id=\"a415794\" data-element_type=\"widget\" data-e-type=\"widget\" data-widget_type=\"image.default\">\n\t\t\t\t<div class=\"elementor-widget-container\">\n\t\t\t\t\t\t\t\t\t\t\t\t\t\t\t<img loading=\"lazy\" decoding=\"async\" width=\"960\" height=\"540\" src=\"https:\/\/viladopoetasiriu.com.br\/wp-content\/uploads\/2023\/05\/45-Foto-1024x576.jpg\" class=\"attachment-large size-large wp-image-305\" alt=\"\" srcset=\"https:\/\/viladopoetasiriu.com.br\/wp-content\/uploads\/2023\/05\/45-Foto-1024x576.jpg 1024w, https:\/\/viladopoetasiriu.com.br\/wp-content\/uploads\/2023\/05\/45-Foto-300x169.jpg 300w, https:\/\/viladopoetasiriu.com.br\/wp-content\/uploads\/2023\/05\/45-Foto-768x432.jpg 768w, https:\/\/viladopoetasiriu.com.br\/wp-content\/uploads\/2023\/05\/45-Foto-1536x864.jpg 1536w, https:\/\/viladopoetasiriu.com.br\/wp-content\/uploads\/2023\/05\/45-Foto-1140x641.jpg 1140w, https:\/\/viladopoetasiriu.com.br\/wp-content\/uploads\/2023\/05\/45-Foto.jpg 1920w\" sizes=\"(max-width: 960px) 100vw, 960px\" \/>\t\t\t\t\t\t\t\t\t\t\t\t\t\t\t<\/div>\n\t\t\t\t<\/div>\n\t\t\t\t\t<\/div>\n\t\t<\/div>\n\t\t\t\t<div class=\"elementor-column elementor-col-66 elementor-top-column elementor-element elementor-element-3efbf5c\" data-id=\"3efbf5c\" data-element_type=\"column\" data-e-type=\"column\">\n\t\t\t<div class=\"elementor-widget-wrap elementor-element-populated\">\n\t\t\t\t\t\t<div class=\"elementor-element elementor-element-b83d9c9 elementor-widget elementor-widget-image\" data-id=\"b83d9c9\" data-element_type=\"widget\" data-e-type=\"widget\" data-widget_type=\"image.default\">\n\t\t\t\t<div class=\"elementor-widget-container\">\n\t\t\t\t\t\t\t\t\t\t\t\t\t\t\t<img loading=\"lazy\" decoding=\"async\" width=\"960\" height=\"540\" src=\"https:\/\/viladopoetasiriu.com.br\/wp-content\/uploads\/2023\/05\/33-Foto-1024x576.jpg\" class=\"attachment-large size-large wp-image-294\" alt=\"\" srcset=\"https:\/\/viladopoetasiriu.com.br\/wp-content\/uploads\/2023\/05\/33-Foto-1024x576.jpg 1024w, https:\/\/viladopoetasiriu.com.br\/wp-content\/uploads\/2023\/05\/33-Foto-300x169.jpg 300w, https:\/\/viladopoetasiriu.com.br\/wp-content\/uploads\/2023\/05\/33-Foto-768x432.jpg 768w, https:\/\/viladopoetasiriu.com.br\/wp-content\/uploads\/2023\/05\/33-Foto-1536x864.jpg 1536w, https:\/\/viladopoetasiriu.com.br\/wp-content\/uploads\/2023\/05\/33-Foto-1140x641.jpg 1140w, https:\/\/viladopoetasiriu.com.br\/wp-content\/uploads\/2023\/05\/33-Foto.jpg 1920w\" sizes=\"(max-width: 960px) 100vw, 960px\" \/>\t\t\t\t\t\t\t\t\t\t\t\t\t\t\t<\/div>\n\t\t\t\t<\/div>\n\t\t\t\t\t<\/div>\n\t\t<\/div>\n\t\t\t\t\t<\/div>\n\t\t<\/section>\n\t\t\t\t<section class=\"elementor-section elementor-top-section elementor-element elementor-element-1a5f373 elementor-section-boxed elementor-section-height-default elementor-section-height-default\" data-id=\"1a5f373\" data-element_type=\"section\" data-e-type=\"section\">\n\t\t\t\t\t\t<div class=\"elementor-container elementor-column-gap-default\">\n\t\t\t\t\t<div class=\"elementor-column elementor-col-100 elementor-top-column elementor-element elementor-element-0a25578\" data-id=\"0a25578\" data-element_type=\"column\" data-e-type=\"column\">\n\t\t\t<div class=\"elementor-widget-wrap elementor-element-populated\">\n\t\t\t\t\t\t<div class=\"elementor-element elementor-element-f71109f elementor-widget elementor-widget-heading\" data-id=\"f71109f\" data-element_type=\"widget\" data-e-type=\"widget\" data-widget_type=\"heading.default\">\n\t\t\t\t<div class=\"elementor-widget-container\">\n\t\t\t\t\t<h2 class=\"elementor-heading-title elementor-size-small\"><span style=\"font-weight:normal\" id=\"docs-internal-guid-f9e1a420-7fff-871a-f28f-4e96e7f4483d\"><p dir=\"ltr\" style=\"line-height:1.38;margin-top:0pt;margin-bottom:0pt\"><span style=\"font-size: 12pt;background-color: transparent;vertical-align: baseline\">Informa\u00e7\u00f5es do projeto:<\/span><\/p><br><p dir=\"ltr\" style=\"line-height:1.38;margin-top:0pt;margin-bottom:0pt\"><span style=\"font-size: 12pt;background-color: transparent;vertical-align: baseline\">1. total da \u00e1rea verde (terreno + \u00e1rea de marinha)<\/span><\/p><p dir=\"ltr\" style=\"line-height:1.38;margin-top:0pt;margin-bottom:0pt\"><span style=\"font-size: 12pt;background-color: transparent;vertical-align: baseline\">\u00c1rea Total Terreno \u2013 12.347,71m\u00b2<\/span><\/p><p dir=\"ltr\" style=\"line-height:1.38;margin-top:0pt;margin-bottom:0pt\"><span style=\"font-size: 12pt;background-color: transparent;vertical-align: baseline\">\u00c1rea Marinha \u2013 3.371,90 m\u00b2<\/span><\/p><br><p dir=\"ltr\" style=\"line-height:1.38;margin-top:0pt;margin-bottom:0pt\"><span style=\"font-size: 12pt;background-color: transparent;vertical-align: baseline\">2. total da \u00e1rea de lazer + informa\u00e7\u00f5es complementares<\/span><\/p><p dir=\"ltr\" style=\"line-height:1.38;margin-top:0pt;margin-bottom:0pt\"><span style=\"font-size: 12pt;background-color: transparent;vertical-align: baseline\">\u00c1rea de lazer possui 150,00m\u00b2 de frente a piscina divido em 3 \u00e1reas de festas com cozinha e churrasqueira<\/span><\/p><p dir=\"ltr\" style=\"line-height:1.38;margin-top:0pt;margin-bottom:0pt\"><span style=\"font-size: 12pt;background-color: transparent;vertical-align: baseline\">\u00c1rea interna da \u00e1rea de festas \u2013 80,77m\u00b2<\/span><\/p><p dir=\"ltr\" style=\"line-height:1.38;margin-top:0pt;margin-bottom:0pt\"><span style=\"font-size: 12pt;background-color: transparent;vertical-align: baseline\">\u00c1rea de academia, sauna e banheiros comum 150,00 m\u00b2<\/span><\/p><p dir=\"ltr\" style=\"line-height:1.38;margin-top:0pt;margin-bottom:0pt\"><span style=\"font-size: 12pt;background-color: transparent;vertical-align: baseline\">\u00c1rea total 300,00m\u00b2<\/span><\/p><br><p dir=\"ltr\" style=\"line-height:1.38;margin-top:0pt;margin-bottom:0pt\"><span style=\"font-size: 12pt;background-color: transparent;vertical-align: baseline\">3. tamanho da piscina<\/span><\/p><p dir=\"ltr\" style=\"line-height:1.38;margin-top:0pt;margin-bottom:0pt\"><span style=\"font-size: 12pt;background-color: transparent;vertical-align: baseline\">Piscina contendo \u00e1rea total de -&nbsp; 78,75m\u00b2<\/span><\/p><p dir=\"ltr\" style=\"line-height:1.38;margin-top:0pt;margin-bottom:0pt\"><span style=\"font-size: 12pt;background-color: transparent;vertical-align: baseline\">Dimens\u00f5es 3,70m x 19,40m (interna)<\/span><\/p><p dir=\"ltr\" style=\"line-height:1.38;margin-top:0pt;margin-bottom:0pt\"><span style=\"font-size: 12pt;background-color: transparent;vertical-align: baseline\">Dimens\u00e3o 4,00m x 19,70m (externa)<\/span><\/p><br><p dir=\"ltr\" style=\"line-height:1.38;margin-top:0pt;margin-bottom:0pt\"><span style=\"font-size: 12pt;background-color: transparent;vertical-align: baseline\">4. n\u00ba de vagas para estacionamento (por resid\u00eancia e visitantes)<\/span><\/p><p dir=\"ltr\" style=\"line-height:1.38;margin-top:0pt;margin-bottom:0pt\"><span style=\"font-size: 12pt;background-color: transparent;vertical-align: baseline\">Cada resid\u00eancia possui 2 vagas de garagens e 20 vagas para visitantes<\/span><\/p><div><span style=\"font-size: 12pt;background-color: transparent;vertical-align: baseline\"><br><\/span><\/div><\/span><\/h2>\t\t\t\t<\/div>\n\t\t\t\t<\/div>\n\t\t\t\t\t<\/div>\n\t\t<\/div>\n\t\t\t\t\t<\/div>\n\t\t<\/section>\n\t\t\t\t<\/div>\n\t\t","protected":false},"excerpt":{"rendered":"<p>Informa\u00e7\u00f5es do projeto: 1. total da \u00e1rea verde (terreno + \u00e1rea de marinha) \u00c1rea Total Terreno \u2013 12.347,71m\u00b2 \u00c1rea Marinha \u2013 3.371,90 m\u00b2 2. total da \u00e1rea de lazer + informa\u00e7\u00f5es complementares \u00c1rea de lazer possui 150,00m\u00b2 de frente a piscina divido em 3 \u00e1reas de festas com cozinha e churrasqueira \u00c1rea interna da \u00e1rea de festas \u2013 80,77m\u00b2 \u00c1rea de academia, sauna e banheiros comum 150,00 m\u00b2 \u00c1rea total 300,00m\u00b2 3. tamanho da piscina Piscina contendo \u00e1rea total de &#8211;&nbsp; 78,75m\u00b2 Dimens\u00f5es 3,70m x 19,40m (interna) Dimens\u00e3o 4,00m x 19,70m (externa) 4. n\u00ba de vagas para estacionamento (por resid\u00eancia e visitantes) Cada resid\u00eancia possui 2 vagas de garagens e 20 vagas para visitantes<\/p>\n","protected":false},"author":1,"featured_media":0,"parent":0,"menu_order":0,"comment_status":"closed","ping_status":"closed","template":"elementor_header_footer","meta":{"footnotes":""},"class_list":["post-15","page","type-page","status-publish","hentry"],"_links":{"self":[{"href":"https:\/\/viladopoetasiriu.com.br\/index.php?rest_route=\/wp\/v2\/pages\/15","targetHints":{"allow":["GET"]}}],"collection":[{"href":"https:\/\/viladopoetasiriu.com.br\/index.php?rest_route=\/wp\/v2\/pages"}],"about":[{"href":"https:\/\/viladopoetasiriu.com.br\/index.php?rest_route=\/wp\/v2\/types\/page"}],"author":[{"embeddable":true,"href":"https:\/\/viladopoetasiriu.com.br\/index.php?rest_route=\/wp\/v2\/users\/1"}],"replies":[{"embeddable":true,"href":"https:\/\/viladopoetasiriu.com.br\/index.php?rest_route=%2Fwp%2Fv2%2Fcomments&post=15"}],"version-history":[{"count":41,"href":"https:\/\/viladopoetasiriu.com.br\/index.php?rest_route=\/wp\/v2\/pages\/15\/revisions"}],"predecessor-version":[{"id":399,"href":"https:\/\/viladopoetasiriu.com.br\/index.php?rest_route=\/wp\/v2\/pages\/15\/revisions\/399"}],"wp:attachment":[{"href":"https:\/\/viladopoetasiriu.com.br\/index.php?rest_route=%2Fwp%2Fv2%2Fmedia&parent=15"}],"curies":[{"name":"wp","href":"https:\/\/api.w.org\/{rel}","templated":true}]}}